{"id":177,"date":"2021-10-04T21:42:50","date_gmt":"2021-10-04T19:42:50","guid":{"rendered":"https:\/\/santapress.halloecho.de\/wordpress-adventskalender-plugin\/"},"modified":"2021-10-22T21:55:52","modified_gmt":"2021-10-22T19:55:52","slug":"wordpress-adventskalender-plugin","status":"publish","type":"page","link":"https:\/\/santapress.halloecho.de\/de\/wordpress-adventskalender-plugin\/","title":{"rendered":"WordPress Adventskalender Plugin"},"content":{"rendered":"\t\t<div data-elementor-type=\"wp-page\" data-elementor-id=\"177\" class=\"elementor elementor-177 elementor-169\">\n\t\t\t\t\t\t<div class=\"elementor-inner\">\n\t\t\t\t<div class=\"elementor-section-wrap\">\n\t\t\t\t\t\t\t\t\t<section class=\"elementor-section elementor-top-section elementor-element elementor-element-afb22ba elementor-section-boxed elementor-section-height-default elementor-section-height-default\" data-id=\"afb22ba\" data-element_type=\"section\">\n\t\t\t\t\t\t<div class=\"elementor-container elementor-column-gap-default\">\n\t\t\t\t\t\t\t<div class=\"elementor-row\">\n\t\t\t\t\t<div class=\"elementor-column elementor-col-100 elementor-top-column elementor-element elementor-element-0c4c28a\" data-id=\"0c4c28a\" data-element_type=\"column\">\n\t\t\t<div class=\"elementor-column-wrap elementor-element-populated\">\n\t\t\t\t\t\t\t<div class=\"elementor-widget-wrap\">\n\t\t\t\t\t\t<div class=\"elementor-element elementor-element-afd006f elementor-widget elementor-widget-spacer\" data-id=\"afd006f\" data-element_type=\"widget\" data-widget_type=\"spacer.default\">\n\t\t\t\t<div class=\"elementor-widget-container\">\n\t\t\t\t\t<div class=\"elementor-spacer\">\n\t\t\t<div class=\"elementor-spacer-inner\"><\/div>\n\t\t<\/div>\n\t\t\t\t<\/div>\n\t\t\t\t<\/div>\n\t\t\t\t<div class=\"elementor-element elementor-element-3d2d396 elementor-widget elementor-widget-heading\" data-id=\"3d2d396\" data-element_type=\"widget\" data-widget_type=\"heading.default\">\n\t\t\t\t<div class=\"elementor-widget-container\">\n\t\t\t<h1 class=\"elementor-heading-title elementor-size-default\">WordPress Adventskalender Plugin<\/h1>\t\t<\/div>\n\t\t\t\t<\/div>\n\t\t\t\t<div class=\"elementor-element elementor-element-840f847 elementor-widget elementor-widget-heading\" data-id=\"840f847\" data-element_type=\"widget\" data-widget_type=\"heading.default\">\n\t\t\t\t<div class=\"elementor-widget-container\">\n\t\t\t<h2 class=\"elementor-heading-title elementor-size-default\">SantaPress<\/h2>\t\t<\/div>\n\t\t\t\t<\/div>\n\t\t\t\t<div class=\"elementor-element elementor-element-8077604 elementor-widget elementor-widget-text-editor\" data-id=\"8077604\" data-element_type=\"widget\" data-widget_type=\"text-editor.default\">\n\t\t\t\t<div class=\"elementor-widget-container\">\n\t\t\t\t\t\t\t\t<div class=\"elementor-text-editor elementor-clearfix\">\n\t\t\t\t<p>Die Weihnachtssaison r\u00fcckt n\u00e4her und Sie suchen nach einem individuellen Adventskalender f\u00fcr Ihre WordPress Webseite?<br \/>\nMit diesem Plugin k\u00f6nnen Sie bei Ihnen oder Ihren Kunden einen individuellen Adventskalender erstellen, der Ihre Besucher jeden Tag mit etwas neuem \u00fcberrascht. Das erh\u00f6ht die Verweilzeiten auf Ihrer Seite und Ihre Benutzer werden zu wiederkehrenden Besuchern.<\/p>\n<p>SantaPress beinhaltet 8 verschiedene Layouts, \u00fcber 200 T\u00fcren und vielen gro\u00dfartigen Features (Schneefall, Versteckter Modus usw.).<\/p>\n<p>Sehen Sie sich <a href=\"https:\/\/santapress.halloecho.de\/#demos\">hier Sie <\/a> die Demos an.<\/p>\n<p><a href=\"https:\/\/codecanyon.net\/item\/santapress-wordpress-advent-calendar-plugin-quiz\/25193511\" target=\"_blank\" rel=\"noopener\">Hier<\/a> k\u00f6nnen Sie das Plugin auf\u00a0auf der Platform CodeCanyon kaufen.<\/p>\n\t\t\t\t\t<\/div>\n\t\t\t\t\t\t<\/div>\n\t\t\t\t<\/div>\n\t\t\t\t<div class=\"elementor-element elementor-element-eeab024 elementor-widget elementor-widget-image\" data-id=\"eeab024\" data-element_type=\"widget\" data-widget_type=\"image.default\">\n\t\t\t\t<div class=\"elementor-widget-container\">\n\t\t\t\t\t\t\t\t<div class=\"elementor-image\">\n\t\t\t\t\t\t\t\t\t\t\t\t<img decoding=\"async\" width=\"672\" height=\"1024\" src=\"https:\/\/santapress.halloecho.de\/wp-content\/uploads\/2019\/10\/sp-santa-672x1024.jpg\" class=\"attachment-large size-large\" alt=\"\" srcset=\"https:\/\/santapress.halloecho.de\/wp-content\/uploads\/2019\/10\/sp-santa-672x1024.jpg 672w, https:\/\/santapress.halloecho.de\/wp-content\/uploads\/2019\/10\/sp-santa-197x300.jpg 197w, https:\/\/santapress.halloecho.de\/wp-content\/uploads\/2019\/10\/sp-santa-768x1170.jpg 768w, https:\/\/santapress.halloecho.de\/wp-content\/uploads\/2019\/10\/sp-santa.jpg 799w\" sizes=\"(max-width: 672px) 100vw, 672px\" \/>\t\t\t\t\t\t\t\t\t\t\t\t\t\t<\/div>\n\t\t\t\t\t\t<\/div>\n\t\t\t\t<\/div>\n\t\t\t\t<div class=\"elementor-element elementor-element-b6a5ab9 elementor-widget elementor-widget-spacer\" data-id=\"b6a5ab9\" data-element_type=\"widget\" data-widget_type=\"spacer.default\">\n\t\t\t\t<div class=\"elementor-widget-container\">\n\t\t\t\t\t<div class=\"elementor-spacer\">\n\t\t\t<div class=\"elementor-spacer-inner\"><\/div>\n\t\t<\/div>\n\t\t\t\t<\/div>\n\t\t\t\t<\/div>\n\t\t\t\t\t\t<\/div>\n\t\t\t\t\t<\/div>\n\t\t<\/div>\n\t\t\t\t\t\t\t\t<\/div>\n\t\t\t\t\t<\/div>\n\t\t<\/section>\n\t\t\t\t\t\t\t\t\t<\/div>\n\t\t\t<\/div>\n\t\t\t\t\t<\/div>\n\t\t","protected":false},"excerpt":{"rendered":"<p>WordPress Adventskalender Plugin SantaPress Die Weihnachtssaison r\u00fcckt n\u00e4her und Sie suchen nach einem individuellen Adventskalender f\u00fcr Ihre WordPress Webseite? Mit diesem Plugin k\u00f6nnen Sie bei Ihnen oder Ihren Kunden einen individuellen Adventskalender erstellen, der Ihre Besucher jeden Tag mit etwas neuem \u00fcberrascht. Das erh\u00f6ht die Verweilzeiten auf Ihrer Seite und Ihre Benutzer werden zu wiederkehrenden &hellip;<\/p>\n<p class=\"read-more\"> <a class=\"\" href=\"https:\/\/santapress.halloecho.de\/de\/wordpress-adventskalender-plugin\/\"> <span class=\"screen-reader-text\">WordPress Adventskalender Plugin<\/span> Weiterlesen &raquo;<\/a><\/p>\n","protected":false},"author":1,"featured_media":0,"parent":0,"menu_order":0,"comment_status":"closed","ping_status":"closed","template":"","meta":{"_acf_changed":false,"footnotes":""},"class_list":["post-177","page","type-page","status-publish","hentry"],"acf":[],"yoast_head":"<!-- This site is optimized with the Yoast SEO plugin v15.2.1 - https:\/\/yoast.com\/wordpress\/plugins\/seo\/ -->\n<title>WordPress Adventskalender Plugin - SantaPress<\/title>\n<meta name=\"description\" content=\"SantaPress ist ein WordPress Adventskalender Plugin mit dem sie einen individuellen Weihnachtskalender auf Ihrer Webseite integrieren k\u00f6nnen.\" \/>\n<meta name=\"robots\" content=\"index, follow, max-snippet:-1, max-image-preview:large, max-video-preview:-1\" \/>\n<link rel=\"canonical\" href=\"https:\/\/santapress.halloecho.de\/de\/wordpress-adventskalender-plugin\/\" \/>\n<meta property=\"og:locale\" content=\"de_DE\" \/>\n<meta property=\"og:type\" content=\"article\" \/>\n<meta property=\"og:title\" content=\"WordPress Adventskalender Plugin - SantaPress\" \/>\n<meta property=\"og:description\" content=\"SantaPress ist ein WordPress Adventskalender Plugin mit dem sie einen individuellen Weihnachtskalender auf Ihrer Webseite integrieren k\u00f6nnen.\" \/>\n<meta property=\"og:url\" content=\"https:\/\/santapress.halloecho.de\/de\/wordpress-adventskalender-plugin\/\" \/>\n<meta property=\"og:site_name\" content=\"SantaPress\" \/>\n<meta property=\"article:modified_time\" content=\"2021-10-22T19:55:52+00:00\" \/>\n<meta property=\"og:image\" content=\"https:\/\/santapress.halloecho.de\/wp-content\/uploads\/2019\/10\/sp-santa-672x1024.jpg\" \/>\n<meta name=\"twitter:card\" content=\"summary_large_image\" \/>\n<meta name=\"twitter:label1\" content=\"Written by\">\n\t<meta name=\"twitter:data1\" content=\"mschoenrock\">\n\t<meta name=\"twitter:label2\" content=\"Est. reading time\">\n\t<meta name=\"twitter:data2\" content=\"0\u00a0Minuten\">\n<script type=\"application\/ld+json\" class=\"yoast-schema-graph\">{\"@context\":\"https:\/\/schema.org\",\"@graph\":[{\"@type\":\"WebSite\",\"@id\":\"https:\/\/santapress.halloecho.de\/#website\",\"url\":\"https:\/\/santapress.halloecho.de\/\",\"name\":\"SantaPress\",\"description\":\"WordPress Advent Calendar Plugin &amp; Quiz\",\"potentialAction\":[{\"@type\":\"SearchAction\",\"target\":\"https:\/\/santapress.halloecho.de\/?s={search_term_string}\",\"query-input\":\"required name=search_term_string\"}],\"inLanguage\":\"de\"},{\"@type\":\"ImageObject\",\"@id\":\"https:\/\/santapress.halloecho.de\/de\/wordpress-adventskalender-plugin\/#primaryimage\",\"inLanguage\":\"de\",\"url\":\"https:\/\/santapress.halloecho.de\/wp-content\/uploads\/2019\/10\/sp-santa.jpg\",\"width\":799,\"height\":1217},{\"@type\":\"WebPage\",\"@id\":\"https:\/\/santapress.halloecho.de\/de\/wordpress-adventskalender-plugin\/#webpage\",\"url\":\"https:\/\/santapress.halloecho.de\/de\/wordpress-adventskalender-plugin\/\",\"name\":\"WordPress Adventskalender Plugin - SantaPress\",\"isPartOf\":{\"@id\":\"https:\/\/santapress.halloecho.de\/#website\"},\"primaryImageOfPage\":{\"@id\":\"https:\/\/santapress.halloecho.de\/de\/wordpress-adventskalender-plugin\/#primaryimage\"},\"datePublished\":\"2021-10-04T19:42:50+00:00\",\"dateModified\":\"2021-10-22T19:55:52+00:00\",\"description\":\"SantaPress ist ein WordPress Adventskalender Plugin mit dem sie einen individuellen Weihnachtskalender auf Ihrer Webseite integrieren k\\u00f6nnen.\",\"inLanguage\":\"de\",\"potentialAction\":[{\"@type\":\"ReadAction\",\"target\":[\"https:\/\/santapress.halloecho.de\/de\/wordpress-adventskalender-plugin\/\"]}]}]}<\/script>\n<!-- \/ Yoast SEO plugin. -->","_links":{"self":[{"href":"https:\/\/santapress.halloecho.de\/de\/wp-json\/wp\/v2\/pages\/177"}],"collection":[{"href":"https:\/\/santapress.halloecho.de\/de\/wp-json\/wp\/v2\/pages"}],"about":[{"href":"https:\/\/santapress.halloecho.de\/de\/wp-json\/wp\/v2\/types\/page"}],"author":[{"embeddable":true,"href":"https:\/\/santapress.halloecho.de\/de\/wp-json\/wp\/v2\/users\/1"}],"replies":[{"embeddable":true,"href":"https:\/\/santapress.halloecho.de\/de\/wp-json\/wp\/v2\/comments?post=177"}],"version-history":[{"count":2,"href":"https:\/\/santapress.halloecho.de\/de\/wp-json\/wp\/v2\/pages\/177\/revisions"}],"predecessor-version":[{"id":236,"href":"https:\/\/santapress.halloecho.de\/de\/wp-json\/wp\/v2\/pages\/177\/revisions\/236"}],"wp:attachment":[{"href":"https:\/\/santapress.halloecho.de\/de\/wp-json\/wp\/v2\/media?parent=177"}],"curies":[{"name":"wp","href":"https:\/\/api.w.org\/{rel}","templated":true}]}}