{"id":194,"date":"2021-10-05T20:06:05","date_gmt":"2021-10-05T18:06:05","guid":{"rendered":"https:\/\/santapress.halloecho.de\/impressum\/"},"modified":"2021-10-05T20:06:05","modified_gmt":"2021-10-05T18:06:05","slug":"impressum","status":"publish","type":"page","link":"https:\/\/santapress.halloecho.de\/de\/impressum\/","title":{"rendered":"Impressum"},"content":{"rendered":"<h5>Angaben gem\u00e4\u00df \u00a7 5 TMG<\/h5>\n<p><strong>halloecho \u2013 web &amp; mobile development<\/strong><br \/>\nMichael Sch\u00f6nrock<br \/>\nObere Weidenstr. 3<br \/>\n81543 M\u00fcnchen<\/p>\n<p><strong>Kontakt<\/strong><br \/>\nTelefon: 089-54878072<br \/>\nE-Mail: ms@halloecho.de<\/p>\n<p><strong>Umsatzsteuer-Identifikationsnummer<br \/>\n<\/strong>gem\u00e4\u00df \u00a727 a Umsatzsteuergesetz: DE278558149<\/p>\n<p><strong>Angaben zur Berufshaftpflichtversicherung<\/strong><br \/>\nName und Sitz des Versicherers:<br \/>\nexali GmbH<br \/>\nFranz-Kobinger-Str. 9<br \/>\n86157 Augsburg<\/p>\n<p>Telefon: +49 (0) 821 80 99 46-0<br \/>\nTelefax: +49 (0) 821 80 99 46-29<\/p>\n<p>E-Mail: info@exali.de<br \/>\nInternet: www.exali.de<\/p>\n<p><strong>Verantwortlich f\u00fcr den Inhalt nach \u00a7 55 Abs. 2 RStV<\/strong><br \/>\nMichael Sch\u00f6nrock<br \/>\nObere Weidenstr. 3<br \/>\nD-81543 M\u00fcnchen<\/p>\n<p>Wir sind nicht bereit oder verpflichtet, an Streitbeilegungsverfahren vor einer Verbraucherschlichtungsstelle teilzunehmen.<\/p>\n<p><b>Bild-\/Videonachweise:<\/b><br \/>\nStartseite: Video von\u00a0<a href=\"https:\/\/www.pexels.com\/de-de\/@taryn-elliott\" target=\"_blank\" rel=\"noopener noreferrer\">Taryn Elliott von Pexels<\/a><\/p>\n<p><strong>Haftung f\u00fcr Inhalte<\/strong><br \/>\nAls Diensteanbieter sind wir gem\u00e4\u00df \u00a7 7 Abs.1 TMG f\u00fcr eigene Inhalte auf diesen Seiten nach den allgemeinen Gesetzen verantwortlich. Nach \u00a7\u00a7 8 bis 10 TMG sind wir als Diensteanbieter jedoch nicht verpflichtet, \u00fcbermittelte oder gespeicherte fremde Informationen zu \u00fcberwachen oder nach Umst\u00e4nden zu forschen, die auf eine rechtswidrige T\u00e4tigkeit hinweisen.<\/p>\n<p>Verpflichtungen zur Entfernung oder Sperrung der Nutzung von Informationen nach den allgemeinen Gesetzen bleiben hiervon unber\u00fchrt. Eine diesbez\u00fcgliche Haftung ist jedoch erst ab dem Zeitpunkt der Kenntnis einer konkreten Rechtsverletzung m\u00f6glich. Bei Bekanntwerden von entsprechenden Rechtsverletzungen werden wir diese Inhalte umgehend entfernen.<\/p>\n<p><strong>Haftung f\u00fcr Links<\/strong><br \/>\nUnser Angebot enth\u00e4lt Links zu externen Websites Dritter, auf deren Inhalte wir keinen Einfluss haben. Deshalb k\u00f6nnen wir f\u00fcr diese fremden Inhalte auch keine Gew\u00e4hr \u00fcbernehmen. F\u00fcr die Inhalte der verlinkten Seiten ist stets der jeweilige Anbieter oder Betreiber der Seiten verantwortlich. Die verlinkten Seiten wurden zum Zeitpunkt der Verlinkung auf m\u00f6gliche Rechtsverst\u00f6\u00dfe \u00fcberpr\u00fcft. Rechtswidrige Inhalte waren zum Zeitpunkt der Verlinkung nicht erkennbar.<\/p>\n<p>Eine permanente inhaltliche Kontrolle der verlinkten Seiten ist jedoch ohne konkrete Anhaltspunkte einer Rechtsverletzung nicht zumutbar. Bei Bekanntwerden von Rechtsverletzungen werden wir derartige Links umgehend entfernen.<\/p>\n<p><strong>Urheberrecht<\/strong><br \/>\nDie durch die Seitenbetreiber erstellten Inhalte und Werke auf diesen Seiten unterliegen dem deutschen Urheberrecht. Die Vervielf\u00e4ltigung, Bearbeitung, Verbreitung und jede Art der Verwertung au\u00dferhalb der Grenzen des Urheberrechtes bed\u00fcrfen der schriftlichen Zustimmung des jeweiligen Autors bzw. Erstellers. Downloads und Kopien dieser Seite sind nur f\u00fcr den privaten, nicht kommerziellen Gebrauch gestattet.<\/p>\n<p>Soweit die Inhalte auf dieser Seite nicht vom Betreiber erstellt wurden, werden die Urheberrechte Dritter beachtet. Insbesondere werden Inhalte Dritter als solche gekennzeichnet. Sollten Sie trotzdem auf eine Urheberrechtsverletzung aufmerksam werden, bitten wir um einen entsprechenden Hinweis. Bei Bekanntwerden von Rechtsverletzungen werden wir derartige Inhalte umgehend entfernen.<\/p>\n","protected":false},"excerpt":{"rendered":"<p>Angaben gem\u00e4\u00df \u00a7 5 TMG halloecho \u2013 web &amp; mobile development Michael Sch\u00f6nrock Obere Weidenstr. 3 81543 M\u00fcnchen Kontakt Telefon: 089-54878072 E-Mail: ms@halloecho.de Umsatzsteuer-Identifikationsnummer gem\u00e4\u00df \u00a727 a Umsatzsteuergesetz: DE278558149 Angaben zur Berufshaftpflichtversicherung Name und Sitz des Versicherers: exali GmbH Franz-Kobinger-Str. 9 86157 Augsburg Telefon: +49 (0) 821 80 99 46-0 Telefax: +49 (0) 821 80 &hellip;<\/p>\n<p class=\"read-more\"> <a class=\"\" href=\"https:\/\/santapress.halloecho.de\/de\/impressum\/\"> <span class=\"screen-reader-text\">Impressum<\/span> Weiterlesen &raquo;<\/a><\/p>\n","protected":false},"author":1,"featured_media":0,"parent":0,"menu_order":0,"comment_status":"closed","ping_status":"closed","template":"","meta":{"_acf_changed":false,"footnotes":""},"class_list":["post-194","page","type-page","status-publish","hentry"],"acf":[],"yoast_head":"<!-- This site is optimized with the Yoast SEO plugin v15.2.1 - https:\/\/yoast.com\/wordpress\/plugins\/seo\/ -->\n<title>Impressum - SantaPress<\/title>\n<meta name=\"robots\" content=\"index, follow, max-snippet:-1, max-image-preview:large, max-video-preview:-1\" \/>\n<link rel=\"canonical\" href=\"https:\/\/santapress.halloecho.de\/de\/impressum\/\" \/>\n<meta property=\"og:locale\" content=\"de_DE\" \/>\n<meta property=\"og:type\" content=\"article\" \/>\n<meta property=\"og:title\" content=\"Impressum - SantaPress\" \/>\n<meta property=\"og:description\" content=\"Angaben gem\u00e4\u00df \u00a7 5 TMG halloecho \u2013 web &amp; mobile development Michael Sch\u00f6nrock Obere Weidenstr. 3 81543 M\u00fcnchen Kontakt Telefon: 089-54878072 E-Mail: ms@halloecho.de Umsatzsteuer-Identifikationsnummer gem\u00e4\u00df \u00a727 a Umsatzsteuergesetz: DE278558149 Angaben zur Berufshaftpflichtversicherung Name und Sitz des Versicherers: exali GmbH Franz-Kobinger-Str. 9 86157 Augsburg Telefon: +49 (0) 821 80 99 46-0 Telefax: +49 (0) 821 80 &hellip; Impressum Weiterlesen &raquo;\" \/>\n<meta property=\"og:url\" content=\"https:\/\/santapress.halloecho.de\/de\/impressum\/\" \/>\n<meta property=\"og:site_name\" content=\"SantaPress\" \/>\n<meta name=\"twitter:card\" content=\"summary_large_image\" \/>\n<meta name=\"twitter:label1\" content=\"Written by\">\n\t<meta name=\"twitter:data1\" content=\"mschoenrock\">\n\t<meta name=\"twitter:label2\" content=\"Est. reading time\">\n\t<meta name=\"twitter:data2\" content=\"2\u00a0Minuten\">\n<script type=\"application\/ld+json\" class=\"yoast-schema-graph\">{\"@context\":\"https:\/\/schema.org\",\"@graph\":[{\"@type\":\"WebSite\",\"@id\":\"https:\/\/santapress.halloecho.de\/#website\",\"url\":\"https:\/\/santapress.halloecho.de\/\",\"name\":\"SantaPress\",\"description\":\"WordPress Advent Calendar Plugin &amp; Quiz\",\"potentialAction\":[{\"@type\":\"SearchAction\",\"target\":\"https:\/\/santapress.halloecho.de\/?s={search_term_string}\",\"query-input\":\"required name=search_term_string\"}],\"inLanguage\":\"de\"},{\"@type\":\"WebPage\",\"@id\":\"https:\/\/santapress.halloecho.de\/de\/impressum\/#webpage\",\"url\":\"https:\/\/santapress.halloecho.de\/de\/impressum\/\",\"name\":\"Impressum - SantaPress\",\"isPartOf\":{\"@id\":\"https:\/\/santapress.halloecho.de\/#website\"},\"datePublished\":\"2021-10-05T18:06:05+00:00\",\"dateModified\":\"2021-10-05T18:06:05+00:00\",\"inLanguage\":\"de\",\"potentialAction\":[{\"@type\":\"ReadAction\",\"target\":[\"https:\/\/santapress.halloecho.de\/de\/impressum\/\"]}]}]}<\/script>\n<!-- \/ Yoast SEO plugin. -->","_links":{"self":[{"href":"https:\/\/santapress.halloecho.de\/de\/wp-json\/wp\/v2\/pages\/194"}],"collection":[{"href":"https:\/\/santapress.halloecho.de\/de\/wp-json\/wp\/v2\/pages"}],"about":[{"href":"https:\/\/santapress.halloecho.de\/de\/wp-json\/wp\/v2\/types\/page"}],"author":[{"embeddable":true,"href":"https:\/\/santapress.halloecho.de\/de\/wp-json\/wp\/v2\/users\/1"}],"replies":[{"embeddable":true,"href":"https:\/\/santapress.halloecho.de\/de\/wp-json\/wp\/v2\/comments?post=194"}],"version-history":[{"count":0,"href":"https:\/\/santapress.halloecho.de\/de\/wp-json\/wp\/v2\/pages\/194\/revisions"}],"wp:attachment":[{"href":"https:\/\/santapress.halloecho.de\/de\/wp-json\/wp\/v2\/media?parent=194"}],"curies":[{"name":"wp","href":"https:\/\/api.w.org\/{rel}","templated":true}]}}